{"id":3482,"date":"2025-09-24T17:23:49","date_gmt":"2025-09-24T17:23:49","guid":{"rendered":"https:\/\/julia.com.ar\/2020\/?page_id=3482"},"modified":"2026-03-12T18:47:07","modified_gmt":"2026-03-12T18:47:07","slug":"herramientas-de-cocina","status":"publish","type":"page","link":"https:\/\/julia.com.ar\/2020\/herramientas-de-cocina\/","title":{"rendered":"Herramientas de cocina"},"content":{"rendered":"\n<h1 class=\"wp-block-heading has-text-align-center has-palette-color-1-color has-text-color has-link-color wp-elements-afebea4ce9de84eab624c943b106b22e\">Herramientas de cocina<\/h1>\n\n\n\n<p><\/p>\n\n\n\n<div class=\"wp-block-columns alignwide are-vertically-aligned-top is-layout-flex wp-container-core-columns-is-layout-08c01c1c wp-block-columns-is-layout-flex\">\n<div class=\"wp-block-column is-vertically-aligned-top is-layout-flow wp-block-column-is-layout-flow\">\n<div class=\"wp-block-group wp-container-content-231d8afb is-vertical is-content-justification-left is-nowrap is-layout-flex wp-container-core-group-is-layout-d439c89b wp-block-group-is-layout-flex\" style=\"margin-top:0;margin-bottom:0\">\n<figure class=\"wp-block-image size-large wp-container-content-0733e5d0\"><img data-recalc-dims=\"1\" fetchpriority=\"high\" decoding=\"async\" width=\"768\" height=\"1024\" src=\"https:\/\/i0.wp.com\/julia.com.ar\/2020\/wp-content\/uploads\/2025\/07\/WhatsApp-Image-2025-07-17-at-07.39.15.jpeg?resize=768%2C1024&#038;ssl=1\" alt=\"\" class=\"wp-image-3331\" srcset=\"https:\/\/i0.wp.com\/julia.com.ar\/2020\/wp-content\/uploads\/2025\/07\/WhatsApp-Image-2025-07-17-at-07.39.15.jpeg?resize=768%2C1024&amp;ssl=1 768w, https:\/\/i0.wp.com\/julia.com.ar\/2020\/wp-content\/uploads\/2025\/07\/WhatsApp-Image-2025-07-17-at-07.39.15.jpeg?resize=300%2C400&amp;ssl=1 300w, https:\/\/i0.wp.com\/julia.com.ar\/2020\/wp-content\/uploads\/2025\/07\/WhatsApp-Image-2025-07-17-at-07.39.15.jpeg?resize=600%2C800&amp;ssl=1 600w, https:\/\/i0.wp.com\/julia.com.ar\/2020\/wp-content\/uploads\/2025\/07\/WhatsApp-Image-2025-07-17-at-07.39.15.jpeg?resize=225%2C300&amp;ssl=1 225w, https:\/\/i0.wp.com\/julia.com.ar\/2020\/wp-content\/uploads\/2025\/07\/WhatsApp-Image-2025-07-17-at-07.39.15.jpeg?w=960&amp;ssl=1 960w\" sizes=\"(max-width: 768px) 100vw, 768px\" \/><\/figure>\n\n\n\n<div class=\"wp-block-group is-vertical is-nowrap is-layout-flex wp-container-core-group-is-layout-5280e479 wp-block-group-is-layout-flex\">\n<p class=\"has-medium-font-size\"><strong>Fermentadores<\/strong><\/p>\n\n\n\n<p class=\"has-small-font-size\">Instrumento de cocina destinado a la elaboraci\u00f3n de fermentos y preparaciones dde cocina viva. Pensada para habitar los espacios con gran presencia y funcionalidad. Esta pieza recibi\u00f3 el Premio a la Actividad Artesanal Cordobesa 2021<\/p>\n<\/div>\n<\/div>\n<\/div>\n\n\n\n<div class=\"wp-block-column is-vertically-aligned-top is-layout-flow wp-block-column-is-layout-flow\">\n<div class=\"wp-block-group wp-container-content-231d8afb is-vertical is-layout-flex wp-container-core-group-is-layout-05b43539 wp-block-group-is-layout-flex\" style=\"margin-top:0;margin-bottom:0\">\n<div class=\"wp-block-group is-vertical is-nowrap is-layout-flex wp-container-core-group-is-layout-5280e479 wp-block-group-is-layout-flex\">\n<div style=\"height:0px\" aria-hidden=\"true\" class=\"wp-block-spacer wp-container-content-f96796aa\"><\/div>\n\n\n\n<p class=\"has-medium-font-size\"><strong>Morteros<\/strong><\/p>\n\n\n\n<p class=\"has-small-font-size\">L\u00ednea Ens\u014d . Mortero inspirado en el Suribachi japon\u00e9s .  Dotado de ranuras en el interior para facilitar la molienda de los alimentos<\/p>\n<\/div>\n\n\n\n<figure class=\"wp-block-image size-large\" style=\"font-size:14px\"><img data-recalc-dims=\"1\" decoding=\"async\" width=\"1024\" height=\"768\" src=\"https:\/\/i0.wp.com\/julia.com.ar\/2020\/wp-content\/uploads\/2025\/03\/WhatsApp-Image-2025-03-08-at-13.15.23.jpeg?resize=1024%2C768&#038;ssl=1\" alt=\"\" class=\"wp-image-3239\" srcset=\"https:\/\/i0.wp.com\/julia.com.ar\/2020\/wp-content\/uploads\/2025\/03\/WhatsApp-Image-2025-03-08-at-13.15.23.jpeg?resize=1024%2C768&amp;ssl=1 1024w, https:\/\/i0.wp.com\/julia.com.ar\/2020\/wp-content\/uploads\/2025\/03\/WhatsApp-Image-2025-03-08-at-13.15.23.jpeg?resize=600%2C450&amp;ssl=1 600w, https:\/\/i0.wp.com\/julia.com.ar\/2020\/wp-content\/uploads\/2025\/03\/WhatsApp-Image-2025-03-08-at-13.15.23.jpeg?resize=300%2C225&amp;ssl=1 300w, https:\/\/i0.wp.com\/julia.com.ar\/2020\/wp-content\/uploads\/2025\/03\/WhatsApp-Image-2025-03-08-at-13.15.23.jpeg?resize=768%2C576&amp;ssl=1 768w, https:\/\/i0.wp.com\/julia.com.ar\/2020\/wp-content\/uploads\/2025\/03\/WhatsApp-Image-2025-03-08-at-13.15.23.jpeg?w=1280&amp;ssl=1 1280w\" sizes=\"(max-width: 1024px) 100vw, 1024px\" \/><\/figure>\n<\/div>\n<\/div>\n<\/div>\n\n\n\n<div style=\"height:58px\" aria-hidden=\"true\" class=\"wp-block-spacer\"><\/div>\n\n\n\n<p><\/p>\n\n\n\n<p><\/p>\n\n    <div class=\"xs_social_share_widget xs_share_url after_content \t\tmain_content  wslu-style-1 wslu-share-box-shaped wslu-fill-colored wslu-none wslu-share-horizontal wslu-theme-font-no wslu-main_content\">\n\n\t\t\n        <ul>\n\t\t\t        <\/ul>\n    <\/div> \n","protected":false},"excerpt":{"rendered":"<p>Herramientas de cocina Fermentadores Instrumento de cocina destinado a la elaboraci\u00f3n de fermentos y preparaciones dde cocina viva. Pensada para habitar los espacios con gran presencia y funcionalidad. Esta pieza recibi\u00f3 el Premio a la Actividad Artesanal Cordobesa 2021 Morteros L\u00ednea Ens\u014d . Mortero inspirado en el Suribachi japon\u00e9s . Dotado de ranuras en el [&hellip;]<\/p>\n","protected":false},"author":5,"featured_media":0,"parent":0,"menu_order":0,"comment_status":"closed","ping_status":"closed","template":"","meta":{"footnotes":""},"class_list":["post-3482","page","type-page","status-publish","hentry"],"blocksy_meta":[],"yoast_head":"<!-- This site is optimized with the Yoast SEO plugin v27.1.1 - https:\/\/yoast.com\/product\/yoast-seo-wordpress\/ -->\n<title>Herramientas de cocina - JULIA SPANGENBERG<\/title>\n<meta name=\"robots\" content=\"index, follow, max-snippet:-1, max-image-preview:large, max-video-preview:-1\" \/>\n<link rel=\"canonical\" href=\"https:\/\/julia.com.ar\/2020\/herramientas-de-cocina\/\" \/>\n<meta property=\"og:locale\" content=\"es_ES\" \/>\n<meta property=\"og:type\" content=\"article\" \/>\n<meta property=\"og:title\" content=\"Herramientas de cocina - JULIA SPANGENBERG\" \/>\n<meta property=\"og:description\" content=\"Herramientas de cocina Fermentadores Instrumento de cocina destinado a la elaboraci\u00f3n de fermentos y preparaciones dde cocina viva. Pensada para habitar los espacios con gran presencia y funcionalidad. Esta pieza recibi\u00f3 el Premio a la Actividad Artesanal Cordobesa 2021 Morteros L\u00ednea Ens\u014d . Mortero inspirado en el Suribachi japon\u00e9s . Dotado de ranuras en el [&hellip;]\" \/>\n<meta property=\"og:url\" content=\"https:\/\/julia.com.ar\/2020\/herramientas-de-cocina\/\" \/>\n<meta property=\"og:site_name\" content=\"JULIA SPANGENBERG\" \/>\n<meta property=\"article:modified_time\" content=\"2026-03-12T18:47:07+00:00\" \/>\n<meta property=\"og:image\" content=\"https:\/\/julia.com.ar\/2020\/wp-content\/uploads\/2025\/07\/WhatsApp-Image-2025-07-17-at-07.39.15-768x1024.jpeg\" \/>\n<meta name=\"twitter:card\" content=\"summary_large_image\" \/>\n<meta name=\"twitter:label1\" content=\"Tiempo de lectura\" \/>\n\t<meta name=\"twitter:data1\" content=\"1 minuto\" \/>\n<script type=\"application\/ld+json\" class=\"yoast-schema-graph\">{\"@context\":\"https:\/\/schema.org\",\"@graph\":[{\"@type\":\"WebPage\",\"@id\":\"https:\/\/julia.com.ar\/2020\/herramientas-de-cocina\/\",\"url\":\"https:\/\/julia.com.ar\/2020\/herramientas-de-cocina\/\",\"name\":\"Herramientas de cocina - JULIA SPANGENBERG\",\"isPartOf\":{\"@id\":\"https:\/\/julia.com.ar\/2020\/#website\"},\"primaryImageOfPage\":{\"@id\":\"https:\/\/julia.com.ar\/2020\/herramientas-de-cocina\/#primaryimage\"},\"image\":{\"@id\":\"https:\/\/julia.com.ar\/2020\/herramientas-de-cocina\/#primaryimage\"},\"thumbnailUrl\":\"https:\/\/julia.com.ar\/2020\/wp-content\/uploads\/2025\/07\/WhatsApp-Image-2025-07-17-at-07.39.15-768x1024.jpeg\",\"datePublished\":\"2025-09-24T17:23:49+00:00\",\"dateModified\":\"2026-03-12T18:47:07+00:00\",\"breadcrumb\":{\"@id\":\"https:\/\/julia.com.ar\/2020\/herramientas-de-cocina\/#breadcrumb\"},\"inLanguage\":\"es\",\"potentialAction\":[{\"@type\":\"ReadAction\",\"target\":[\"https:\/\/julia.com.ar\/2020\/herramientas-de-cocina\/\"]}]},{\"@type\":\"ImageObject\",\"inLanguage\":\"es\",\"@id\":\"https:\/\/julia.com.ar\/2020\/herramientas-de-cocina\/#primaryimage\",\"url\":\"https:\/\/julia.com.ar\/2020\/wp-content\/uploads\/2025\/07\/WhatsApp-Image-2025-07-17-at-07.39.15-768x1024.jpeg\",\"contentUrl\":\"https:\/\/julia.com.ar\/2020\/wp-content\/uploads\/2025\/07\/WhatsApp-Image-2025-07-17-at-07.39.15-768x1024.jpeg\"},{\"@type\":\"BreadcrumbList\",\"@id\":\"https:\/\/julia.com.ar\/2020\/herramientas-de-cocina\/#breadcrumb\",\"itemListElement\":[{\"@type\":\"ListItem\",\"position\":1,\"name\":\"Inicio\",\"item\":\"https:\/\/julia.com.ar\/2020\/\"},{\"@type\":\"ListItem\",\"position\":2,\"name\":\"Herramientas de cocina\"}]},{\"@type\":\"WebSite\",\"@id\":\"https:\/\/julia.com.ar\/2020\/#website\",\"url\":\"https:\/\/julia.com.ar\/2020\/\",\"name\":\"JULIA SPANGENBERG\",\"description\":\"Artista \/ Ceramista\",\"potentialAction\":[{\"@type\":\"SearchAction\",\"target\":{\"@type\":\"EntryPoint\",\"urlTemplate\":\"https:\/\/julia.com.ar\/2020\/?s={search_term_string}\"},\"query-input\":{\"@type\":\"PropertyValueSpecification\",\"valueRequired\":true,\"valueName\":\"search_term_string\"}}],\"inLanguage\":\"es\"}]}<\/script>\n<!-- \/ Yoast SEO plugin. -->","yoast_head_json":{"title":"Herramientas de cocina - JULIA SPANGENBERG","robots":{"index":"index","follow":"follow","max-snippet":"max-snippet:-1","max-image-preview":"max-image-preview:large","max-video-preview":"max-video-preview:-1"},"canonical":"https:\/\/julia.com.ar\/2020\/herramientas-de-cocina\/","og_locale":"es_ES","og_type":"article","og_title":"Herramientas de cocina - JULIA SPANGENBERG","og_description":"Herramientas de cocina Fermentadores Instrumento de cocina destinado a la elaboraci\u00f3n de fermentos y preparaciones dde cocina viva. Pensada para habitar los espacios con gran presencia y funcionalidad. Esta pieza recibi\u00f3 el Premio a la Actividad Artesanal Cordobesa 2021 Morteros L\u00ednea Ens\u014d . Mortero inspirado en el Suribachi japon\u00e9s . Dotado de ranuras en el [&hellip;]","og_url":"https:\/\/julia.com.ar\/2020\/herramientas-de-cocina\/","og_site_name":"JULIA SPANGENBERG","article_modified_time":"2026-03-12T18:47:07+00:00","og_image":[{"url":"https:\/\/julia.com.ar\/2020\/wp-content\/uploads\/2025\/07\/WhatsApp-Image-2025-07-17-at-07.39.15-768x1024.jpeg","type":"","width":"","height":""}],"twitter_card":"summary_large_image","twitter_misc":{"Tiempo de lectura":"1 minuto"},"schema":{"@context":"https:\/\/schema.org","@graph":[{"@type":"WebPage","@id":"https:\/\/julia.com.ar\/2020\/herramientas-de-cocina\/","url":"https:\/\/julia.com.ar\/2020\/herramientas-de-cocina\/","name":"Herramientas de cocina - JULIA SPANGENBERG","isPartOf":{"@id":"https:\/\/julia.com.ar\/2020\/#website"},"primaryImageOfPage":{"@id":"https:\/\/julia.com.ar\/2020\/herramientas-de-cocina\/#primaryimage"},"image":{"@id":"https:\/\/julia.com.ar\/2020\/herramientas-de-cocina\/#primaryimage"},"thumbnailUrl":"https:\/\/julia.com.ar\/2020\/wp-content\/uploads\/2025\/07\/WhatsApp-Image-2025-07-17-at-07.39.15-768x1024.jpeg","datePublished":"2025-09-24T17:23:49+00:00","dateModified":"2026-03-12T18:47:07+00:00","breadcrumb":{"@id":"https:\/\/julia.com.ar\/2020\/herramientas-de-cocina\/#breadcrumb"},"inLanguage":"es","potentialAction":[{"@type":"ReadAction","target":["https:\/\/julia.com.ar\/2020\/herramientas-de-cocina\/"]}]},{"@type":"ImageObject","inLanguage":"es","@id":"https:\/\/julia.com.ar\/2020\/herramientas-de-cocina\/#primaryimage","url":"https:\/\/julia.com.ar\/2020\/wp-content\/uploads\/2025\/07\/WhatsApp-Image-2025-07-17-at-07.39.15-768x1024.jpeg","contentUrl":"https:\/\/julia.com.ar\/2020\/wp-content\/uploads\/2025\/07\/WhatsApp-Image-2025-07-17-at-07.39.15-768x1024.jpeg"},{"@type":"BreadcrumbList","@id":"https:\/\/julia.com.ar\/2020\/herramientas-de-cocina\/#breadcrumb","itemListElement":[{"@type":"ListItem","position":1,"name":"Inicio","item":"https:\/\/julia.com.ar\/2020\/"},{"@type":"ListItem","position":2,"name":"Herramientas de cocina"}]},{"@type":"WebSite","@id":"https:\/\/julia.com.ar\/2020\/#website","url":"https:\/\/julia.com.ar\/2020\/","name":"JULIA SPANGENBERG","description":"Artista \/ Ceramista","potentialAction":[{"@type":"SearchAction","target":{"@type":"EntryPoint","urlTemplate":"https:\/\/julia.com.ar\/2020\/?s={search_term_string}"},"query-input":{"@type":"PropertyValueSpecification","valueRequired":true,"valueName":"search_term_string"}}],"inLanguage":"es"}]}},"jetpack_sharing_enabled":true,"_links":{"self":[{"href":"https:\/\/julia.com.ar\/2020\/wp-json\/wp\/v2\/pages\/3482","targetHints":{"allow":["GET"]}}],"collection":[{"href":"https:\/\/julia.com.ar\/2020\/wp-json\/wp\/v2\/pages"}],"about":[{"href":"https:\/\/julia.com.ar\/2020\/wp-json\/wp\/v2\/types\/page"}],"author":[{"embeddable":true,"href":"https:\/\/julia.com.ar\/2020\/wp-json\/wp\/v2\/users\/5"}],"replies":[{"embeddable":true,"href":"https:\/\/julia.com.ar\/2020\/wp-json\/wp\/v2\/comments?post=3482"}],"version-history":[{"count":17,"href":"https:\/\/julia.com.ar\/2020\/wp-json\/wp\/v2\/pages\/3482\/revisions"}],"predecessor-version":[{"id":4020,"href":"https:\/\/julia.com.ar\/2020\/wp-json\/wp\/v2\/pages\/3482\/revisions\/4020"}],"wp:attachment":[{"href":"https:\/\/julia.com.ar\/2020\/wp-json\/wp\/v2\/media?parent=3482"}],"curies":[{"name":"wp","href":"https:\/\/api.w.org\/{rel}","templated":true}]}}