{"id":895,"date":"2022-11-14T21:13:53","date_gmt":"2022-11-14T21:13:53","guid":{"rendered":"http:\/\/julia.com.ar\/2020\/?page_id=895"},"modified":"2026-03-04T15:06:21","modified_gmt":"2026-03-04T15:06:21","slug":"sobre-mi","status":"publish","type":"page","link":"https:\/\/julia.com.ar\/2020\/sobre-mi\/","title":{"rendered":"Sobre m\u00ed"},"content":{"rendered":"\t\t<div data-elementor-type=\"wp-page\" data-elementor-id=\"895\" class=\"elementor elementor-895\">\n\t\t\t\t\t\t<section class=\"elementor-section elementor-top-section elementor-element elementor-element-5c2bc21d elementor-section-content-top elementor-section-boxed elementor-section-height-default elementor-section-height-default\" data-id=\"5c2bc21d\" data-element_type=\"section\" data-e-type=\"section\" data-settings=\"{&quot;background_background&quot;:&quot;classic&quot;}\">\n\t\t\t\t\t\t<div class=\"elementor-container elementor-column-gap-no\">\n\t\t\t\t\t<div class=\"elementor-column elementor-col-100 elementor-top-column elementor-element elementor-element-a243170\" data-id=\"a243170\" data-element_type=\"column\" data-e-type=\"column\">\n\t\t\t<div class=\"elementor-widget-wrap elementor-element-populated\">\n\t\t\t\t\t\t<div class=\"elementor-element elementor-element-3f275e4 elementor-widget elementor-widget-video\" data-id=\"3f275e4\" data-element_type=\"widget\" data-e-type=\"widget\" data-settings=\"{&quot;video_type&quot;:&quot;hosted&quot;,&quot;autoplay&quot;:&quot;yes&quot;,&quot;play_on_mobile&quot;:&quot;yes&quot;,&quot;loop&quot;:&quot;yes&quot;,&quot;controls&quot;:&quot;yes&quot;}\" data-widget_type=\"video.default\">\n\t\t\t\t<div class=\"elementor-widget-container\">\n\t\t\t\t\t\t\t<div class=\"e-hosted-video elementor-wrapper elementor-open-inline\">\n\t\t\t\t\t<video class=\"elementor-video\" src=\"https:\/\/julia.com.ar\/2020\/wp-content\/uploads\/2026\/03\/bio.mp4\" autoplay=\"\" loop=\"\" controls=\"\" playsinline=\"\" controlsList=\"nodownload\"><\/video>\n\t\t\t\t<\/div>\n\t\t\t\t\t\t<\/div>\n\t\t\t\t<\/div>\n\t\t\t\t\t<\/div>\n\t\t<\/div>\n\t\t\t\t\t<\/div>\n\t\t<\/section>\n\t\t\t\t<section class=\"elementor-section elementor-top-section elementor-element elementor-element-2c2ccc4 elementor-section-boxed elementor-section-height-default elementor-section-height-default\" data-id=\"2c2ccc4\" data-element_type=\"section\" data-e-type=\"section\">\n\t\t\t\t\t\t<div class=\"elementor-container elementor-column-gap-default\">\n\t\t\t\t\t<div class=\"elementor-column elementor-col-100 elementor-top-column elementor-element elementor-element-2113a2a\" data-id=\"2113a2a\" data-element_type=\"column\" data-e-type=\"column\">\n\t\t\t<div class=\"elementor-widget-wrap elementor-element-populated\">\n\t\t\t\t\t\t<div class=\"elementor-element elementor-element-724ba5f elementor-widget elementor-widget-text-editor\" data-id=\"724ba5f\" data-element_type=\"widget\" data-e-type=\"widget\" data-widget_type=\"text-editor.default\">\n\t\t\t\t<div class=\"elementor-widget-container\">\n\t\t\t\t\t\t\t\t\t<p style=\"text-align: right;\">M\u00fasica del video realizada por Mart\u00edn Spangenberg\u00a0<\/p>\t\t\t\t\t\t\t\t<\/div>\n\t\t\t\t<\/div>\n\t\t\t\t\t<\/div>\n\t\t<\/div>\n\t\t\t\t\t<\/div>\n\t\t<\/section>\n\t\t\t\t<section class=\"elementor-section elementor-top-section elementor-element elementor-element-5f6efe4a elementor-reverse-mobile elementor-section-height-min-height elementor-section-boxed elementor-section-height-default elementor-section-items-middle\" data-id=\"5f6efe4a\" data-element_type=\"section\" data-e-type=\"section\" data-settings=\"{&quot;background_background&quot;:&quot;classic&quot;}\">\n\t\t\t\t\t\t\t<div class=\"elementor-background-overlay\"><\/div>\n\t\t\t\t\t\t\t<div class=\"elementor-container elementor-column-gap-default\">\n\t\t\t\t\t<div class=\"elementor-column elementor-col-100 elementor-top-column elementor-element elementor-element-2efea6a5\" data-id=\"2efea6a5\" data-element_type=\"column\" data-e-type=\"column\">\n\t\t\t<div class=\"elementor-widget-wrap elementor-element-populated\">\n\t\t\t\t\t\t<section class=\"elementor-section elementor-inner-section elementor-element elementor-element-799d5381 elementor-section-boxed elementor-section-height-default elementor-section-height-default\" data-id=\"799d5381\" data-element_type=\"section\" data-e-type=\"section\">\n\t\t\t\t\t\t<div class=\"elementor-container elementor-column-gap-default\">\n\t\t\t\t\t<div class=\"elementor-column elementor-col-50 elementor-inner-column elementor-element elementor-element-56f647e2\" data-id=\"56f647e2\" data-element_type=\"column\" data-e-type=\"column\">\n\t\t\t<div class=\"elementor-widget-wrap elementor-element-populated\">\n\t\t\t\t\t\t<div class=\"elementor-element elementor-element-72de2cc elementor-invisible elementor-widget elementor-widget-heading\" data-id=\"72de2cc\" data-element_type=\"widget\" data-e-type=\"widget\" data-settings=\"{&quot;_animation&quot;:&quot;fadeIn&quot;,&quot;_animation_delay&quot;:200}\" data-widget_type=\"heading.default\">\n\t\t\t\t<div class=\"elementor-widget-container\">\n\t\t\t\t\t<h2 class=\"elementor-heading-title elementor-size-default\">Julia Spangenberg<\/h2>\t\t\t\t<\/div>\n\t\t\t\t<\/div>\n\t\t\t\t\t<\/div>\n\t\t<\/div>\n\t\t\t\t<div class=\"elementor-column elementor-col-50 elementor-inner-column elementor-element elementor-element-3c69057\" data-id=\"3c69057\" data-element_type=\"column\" data-e-type=\"column\">\n\t\t\t<div class=\"elementor-widget-wrap elementor-element-populated\">\n\t\t\t\t\t\t<div class=\"elementor-element elementor-element-968f107 elementor-invisible elementor-widget elementor-widget-text-editor\" data-id=\"968f107\" data-element_type=\"widget\" data-e-type=\"widget\" data-settings=\"{&quot;_animation&quot;:&quot;fadeIn&quot;,&quot;_animation_delay&quot;:400}\" data-widget_type=\"text-editor.default\">\n\t\t\t\t<div class=\"elementor-widget-container\">\n\t\t\t\t\t\t\t\t\t<p><span style=\"font-family: inherit; font-size: inherit; font-style: inherit; font-variant-ligatures: inherit; font-variant-caps: inherit; font-weight: inherit; letter-spacing: 0.1px;\">Trabajo y convivo con la arcilla desde hace m\u00e1s de diez a\u00f1os.<\/span><\/p><p>Me vinculo con la cer\u00e1mica como una forma de comunicaci\u00f3n, de lenguaje y memoria; es ante todo, un espacio de exploraci\u00f3n y libertad.<\/p><p>Mi pr\u00e1ctica nace en el torno alfarero y se expande hacia formas que investigan y\u00a0 desdibujan\u00a0 los l\u00edmites entre lo utilitario y lo escult\u00f3rico; lo artesanal y lo art\u00edstico; el cuerpo y la materia.<\/p><p>Me detengo en los procesos cer\u00e1micos como la forma m\u00e1s cercana que encuentro para dialogar con los minerales,\u00a0 de ser parte de alguno de sus movimientos,\u00a0 con la consciencia de estar trabajando\u00a0 con\u00a0 \u00a0\u00a0un tiempo geol\u00f3gico antiguo, finito , que vuelve contempor\u00e1neo en mi hacer.<\/p><p>Desarrollo piezas \u00fanicas, series y colecciones en colaboraci\u00f3n con chefs, artistas y espacios que buscan una identidad material, sensible y viva.<\/p>\t\t\t\t\t\t\t\t<\/div>\n\t\t\t\t<\/div>\n\t\t\t\t<div class=\"elementor-element elementor-element-cd09209 elementor-align-center elementor-widget elementor-widget-button\" data-id=\"cd09209\" data-element_type=\"widget\" data-e-type=\"widget\" data-widget_type=\"button.default\">\n\t\t\t\t<div class=\"elementor-widget-container\">\n\t\t\t\t\t\t\t\t\t<div class=\"elementor-button-wrapper\">\n\t\t\t\t\t<a class=\"elementor-button elementor-button-link elementor-size-sm\" href=\"https:\/\/julia.com.ar\/2020\/ceramica-artesanal-para-cocina-de-autor-2\/\">\n\t\t\t\t\t\t<span class=\"elementor-button-content-wrapper\">\n\t\t\t\t\t\t\t\t\t<span class=\"elementor-button-text\">cONOC\u00c9 ALGUNOS DE MIS TRABAJOS<\/span>\n\t\t\t\t\t<\/span>\n\t\t\t\t\t<\/a>\n\t\t\t\t<\/div>\n\t\t\t\t\t\t\t\t<\/div>\n\t\t\t\t<\/div>\n\t\t\t\t\t<\/div>\n\t\t<\/div>\n\t\t\t\t\t<\/div>\n\t\t<\/section>\n\t\t\t\t\t<\/div>\n\t\t<\/div>\n\t\t\t\t\t<\/div>\n\t\t<\/section>\n\t\t\t\t<\/div>\n\t\t\n    <div class=\"xs_social_share_widget xs_share_url after_content \t\tmain_content  wslu-style-1 wslu-share-box-shaped wslu-fill-colored wslu-none wslu-share-horizontal wslu-theme-font-no wslu-main_content\">\n\n\t\t\n        <ul>\n\t\t\t        <\/ul>\n    <\/div> \n","protected":false},"excerpt":{"rendered":"<p>https:\/\/julia.com.ar\/2020\/wp-content\/uploads\/2026\/03\/bio.mp4 M\u00fasica del video realizada por Mart\u00edn Spangenberg\u00a0 Julia Spangenberg Trabajo y convivo con la arcilla desde hace m\u00e1s de diez a\u00f1os. Me vinculo con la cer\u00e1mica como una forma de comunicaci\u00f3n, de lenguaje y memoria; es ante todo, un espacio de exploraci\u00f3n y libertad. Mi pr\u00e1ctica nace en el torno alfarero y se expande [&hellip;]<\/p>\n","protected":false},"author":2,"featured_media":0,"parent":0,"menu_order":0,"comment_status":"closed","ping_status":"closed","template":"","meta":{"footnotes":""},"class_list":["post-895","page","type-page","status-publish","hentry"],"blocksy_meta":[],"yoast_head":"<!-- This site is optimized with the Yoast SEO plugin v27.1.1 - https:\/\/yoast.com\/product\/yoast-seo-wordpress\/ -->\n<title>Sobre m\u00ed - JULIA SPANGENBERG<\/title>\n<meta name=\"robots\" content=\"index, follow, max-snippet:-1, max-image-preview:large, max-video-preview:-1\" \/>\n<link rel=\"canonical\" href=\"https:\/\/julia.com.ar\/2020\/sobre-mi\/\" \/>\n<meta property=\"og:locale\" content=\"es_ES\" \/>\n<meta property=\"og:type\" content=\"article\" \/>\n<meta property=\"og:title\" content=\"Sobre m\u00ed - JULIA SPANGENBERG\" \/>\n<meta property=\"og:description\" content=\"https:\/\/julia.com.ar\/2020\/wp-content\/uploads\/2026\/03\/bio.mp4 M\u00fasica del video realizada por Mart\u00edn Spangenberg\u00a0 Julia Spangenberg Trabajo y convivo con la arcilla desde hace m\u00e1s de diez a\u00f1os. Me vinculo con la cer\u00e1mica como una forma de comunicaci\u00f3n, de lenguaje y memoria; es ante todo, un espacio de exploraci\u00f3n y libertad. Mi pr\u00e1ctica nace en el torno alfarero y se expande [&hellip;]\" \/>\n<meta property=\"og:url\" content=\"https:\/\/julia.com.ar\/2020\/sobre-mi\/\" \/>\n<meta property=\"og:site_name\" content=\"JULIA SPANGENBERG\" \/>\n<meta property=\"article:modified_time\" content=\"2026-03-04T15:06:21+00:00\" \/>\n<meta name=\"twitter:card\" content=\"summary_large_image\" \/>\n<meta name=\"twitter:label1\" content=\"Tiempo de lectura\" \/>\n\t<meta name=\"twitter:data1\" content=\"1 minuto\" \/>\n<script type=\"application\/ld+json\" class=\"yoast-schema-graph\">{\"@context\":\"https:\/\/schema.org\",\"@graph\":[{\"@type\":\"WebPage\",\"@id\":\"https:\/\/julia.com.ar\/2020\/sobre-mi\/\",\"url\":\"https:\/\/julia.com.ar\/2020\/sobre-mi\/\",\"name\":\"Sobre m\u00ed - JULIA SPANGENBERG\",\"isPartOf\":{\"@id\":\"https:\/\/julia.com.ar\/2020\/#website\"},\"datePublished\":\"2022-11-14T21:13:53+00:00\",\"dateModified\":\"2026-03-04T15:06:21+00:00\",\"breadcrumb\":{\"@id\":\"https:\/\/julia.com.ar\/2020\/sobre-mi\/#breadcrumb\"},\"inLanguage\":\"es\",\"potentialAction\":[{\"@type\":\"ReadAction\",\"target\":[\"https:\/\/julia.com.ar\/2020\/sobre-mi\/\"]}]},{\"@type\":\"BreadcrumbList\",\"@id\":\"https:\/\/julia.com.ar\/2020\/sobre-mi\/#breadcrumb\",\"itemListElement\":[{\"@type\":\"ListItem\",\"position\":1,\"name\":\"Inicio\",\"item\":\"https:\/\/julia.com.ar\/2020\/\"},{\"@type\":\"ListItem\",\"position\":2,\"name\":\"Sobre m\u00ed\"}]},{\"@type\":\"WebSite\",\"@id\":\"https:\/\/julia.com.ar\/2020\/#website\",\"url\":\"https:\/\/julia.com.ar\/2020\/\",\"name\":\"JULIA SPANGENBERG\",\"description\":\"Artista \/ Ceramista\",\"potentialAction\":[{\"@type\":\"SearchAction\",\"target\":{\"@type\":\"EntryPoint\",\"urlTemplate\":\"https:\/\/julia.com.ar\/2020\/?s={search_term_string}\"},\"query-input\":{\"@type\":\"PropertyValueSpecification\",\"valueRequired\":true,\"valueName\":\"search_term_string\"}}],\"inLanguage\":\"es\"}]}<\/script>\n<!-- \/ Yoast SEO plugin. -->","yoast_head_json":{"title":"Sobre m\u00ed - JULIA SPANGENBERG","robots":{"index":"index","follow":"follow","max-snippet":"max-snippet:-1","max-image-preview":"max-image-preview:large","max-video-preview":"max-video-preview:-1"},"canonical":"https:\/\/julia.com.ar\/2020\/sobre-mi\/","og_locale":"es_ES","og_type":"article","og_title":"Sobre m\u00ed - JULIA SPANGENBERG","og_description":"https:\/\/julia.com.ar\/2020\/wp-content\/uploads\/2026\/03\/bio.mp4 M\u00fasica del video realizada por Mart\u00edn Spangenberg\u00a0 Julia Spangenberg Trabajo y convivo con la arcilla desde hace m\u00e1s de diez a\u00f1os. Me vinculo con la cer\u00e1mica como una forma de comunicaci\u00f3n, de lenguaje y memoria; es ante todo, un espacio de exploraci\u00f3n y libertad. Mi pr\u00e1ctica nace en el torno alfarero y se expande [&hellip;]","og_url":"https:\/\/julia.com.ar\/2020\/sobre-mi\/","og_site_name":"JULIA SPANGENBERG","article_modified_time":"2026-03-04T15:06:21+00:00","twitter_card":"summary_large_image","twitter_misc":{"Tiempo de lectura":"1 minuto"},"schema":{"@context":"https:\/\/schema.org","@graph":[{"@type":"WebPage","@id":"https:\/\/julia.com.ar\/2020\/sobre-mi\/","url":"https:\/\/julia.com.ar\/2020\/sobre-mi\/","name":"Sobre m\u00ed - JULIA SPANGENBERG","isPartOf":{"@id":"https:\/\/julia.com.ar\/2020\/#website"},"datePublished":"2022-11-14T21:13:53+00:00","dateModified":"2026-03-04T15:06:21+00:00","breadcrumb":{"@id":"https:\/\/julia.com.ar\/2020\/sobre-mi\/#breadcrumb"},"inLanguage":"es","potentialAction":[{"@type":"ReadAction","target":["https:\/\/julia.com.ar\/2020\/sobre-mi\/"]}]},{"@type":"BreadcrumbList","@id":"https:\/\/julia.com.ar\/2020\/sobre-mi\/#breadcrumb","itemListElement":[{"@type":"ListItem","position":1,"name":"Inicio","item":"https:\/\/julia.com.ar\/2020\/"},{"@type":"ListItem","position":2,"name":"Sobre m\u00ed"}]},{"@type":"WebSite","@id":"https:\/\/julia.com.ar\/2020\/#website","url":"https:\/\/julia.com.ar\/2020\/","name":"JULIA SPANGENBERG","description":"Artista \/ Ceramista","potentialAction":[{"@type":"SearchAction","target":{"@type":"EntryPoint","urlTemplate":"https:\/\/julia.com.ar\/2020\/?s={search_term_string}"},"query-input":{"@type":"PropertyValueSpecification","valueRequired":true,"valueName":"search_term_string"}}],"inLanguage":"es"}]}},"jetpack_sharing_enabled":true,"_links":{"self":[{"href":"https:\/\/julia.com.ar\/2020\/wp-json\/wp\/v2\/pages\/895","targetHints":{"allow":["GET"]}}],"collection":[{"href":"https:\/\/julia.com.ar\/2020\/wp-json\/wp\/v2\/pages"}],"about":[{"href":"https:\/\/julia.com.ar\/2020\/wp-json\/wp\/v2\/types\/page"}],"author":[{"embeddable":true,"href":"https:\/\/julia.com.ar\/2020\/wp-json\/wp\/v2\/users\/2"}],"replies":[{"embeddable":true,"href":"https:\/\/julia.com.ar\/2020\/wp-json\/wp\/v2\/comments?post=895"}],"version-history":[{"count":92,"href":"https:\/\/julia.com.ar\/2020\/wp-json\/wp\/v2\/pages\/895\/revisions"}],"predecessor-version":[{"id":3997,"href":"https:\/\/julia.com.ar\/2020\/wp-json\/wp\/v2\/pages\/895\/revisions\/3997"}],"wp:attachment":[{"href":"https:\/\/julia.com.ar\/2020\/wp-json\/wp\/v2\/media?parent=895"}],"curies":[{"name":"wp","href":"https:\/\/api.w.org\/{rel}","templated":true}]}}